{"id":230,"date":"2024-06-15T13:24:06","date_gmt":"2024-06-15T18:24:06","guid":{"rendered":"https:\/\/importadoraquiang.com\/?post_type=product&#038;p=230"},"modified":"2025-09-25T13:27:13","modified_gmt":"2025-09-25T18:27:13","slug":"cargador-de-bateria-60v-20ah-para-motos-electricas-de-plomo-acido","status":"publish","type":"product","link":"https:\/\/importadoraquiang.com\/index.php\/producto\/cargador-de-bateria-60v-20ah-para-motos-electricas-de-plomo-acido\/","title":{"rendered":"Cargador de Bater\u00eda 60V 20Ah para Motos El\u00e9ctricas de Plomo \u00c1cido"},"content":{"rendered":"<p>Carga tu moto el\u00e9ctrica de manera r\u00e1pida y segura con este cargador de 60V y 20Ah, dise\u00f1ado para bater\u00edas de plomo \u00e1cido. Proporciona una carga eficiente que mejora la durabilidad de la bater\u00eda.<\/p>\n","protected":false},"excerpt":{"rendered":"<p>Carga tu moto el\u00e9ctrica de manera r\u00e1pida y segura con este cargador de 60V y 20Ah, dise\u00f1ado para bater\u00edas de [&hellip;]<\/p>\n","protected":false},"featured_media":586,"comment_status":"open","ping_status":"closed","template":"","meta":{"site-sidebar-layout":"default","site-content-layout":"","ast-site-content-layout":"default","site-content-style":"default","site-sidebar-style":"default","ast-global-header-display":"","ast-banner-title-visibility":"","ast-main-header-display":"","ast-hfb-above-header-display":"","ast-hfb-below-header-display":"","ast-hfb-mobile-header-display":"","site-post-title":"","ast-breadcrumbs-content":"","ast-featured-img":"","footer-sml-layout":"","theme-transparent-header-meta":"default","adv-header-id-meta":"","stick-header-meta":"","header-above-stick-meta":"","header-main-stick-meta":"","header-below-stick-meta":"","astra-migrate-meta-layouts":"set","ast-page-background-enabled":"default","ast-page-background-meta":{"desktop":{"background-color":"var(--ast-global-color-4)","background-image":"","background-repeat":"repeat","background-position":"center center","background-size":"auto","background-attachment":"scroll","background-type":"","background-media":"","overlay-type":"","overlay-color":"","overlay-opacity":"","overlay-gradient":""},"tablet":{"background-color":"","background-image":"","background-repeat":"repeat","background-position":"center center","background-size":"auto","background-attachment":"scroll","background-type":"","background-media":"","overlay-type":"","overlay-color":"","overlay-opacity":"","overlay-gradient":""},"mobile":{"background-color":"","background-image":"","background-repeat":"repeat","background-position":"center center","background-size":"auto","background-attachment":"scroll","background-type":"","background-media":"","overlay-type":"","overlay-color":"","overlay-opacity":"","overlay-gradient":""}},"ast-content-background-meta":{"desktop":{"background-color":"var(--ast-global-color-5)","background-image":"","background-repeat":"repeat","background-position":"center center","background-size":"auto","background-attachment":"scroll","background-type":"","background-media":"","overlay-type":"","overlay-color":"","overlay-opacity":"","overlay-gradient":""},"tablet":{"background-color":"var(--ast-global-color-5)","background-image":"","background-repeat":"repeat","background-position":"center center","background-size":"auto","background-attachment":"scroll","background-type":"","background-media":"","overlay-type":"","overlay-color":"","overlay-opacity":"","overlay-gradient":""},"mobile":{"background-color":"var(--ast-global-color-5)","background-image":"","background-repeat":"repeat","background-position":"center center","background-size":"auto","background-attachment":"scroll","background-type":"","background-media":"","overlay-type":"","overlay-color":"","overlay-opacity":"","overlay-gradient":""}}},"product_brand":[],"product_cat":[39],"product_tag":[23,40],"class_list":{"0":"post-230","1":"product","2":"type-product","3":"status-publish","4":"has-post-thumbnail","6":"product_cat-cargadores","7":"product_tag-baterias-para-motos-electricas","8":"product_tag-cargador-para-moto-electrica","9":"desktop-align-left","10":"tablet-align-left","11":"mobile-align-left","13":"first","14":"instock","15":"shipping-taxable","16":"purchasable","17":"product-type-simple"},"jetpack_sharing_enabled":true,"_links":{"self":[{"href":"https:\/\/importadoraquiang.com\/index.php\/wp-json\/wp\/v2\/product\/230","targetHints":{"allow":["GET"]}}],"collection":[{"href":"https:\/\/importadoraquiang.com\/index.php\/wp-json\/wp\/v2\/product"}],"about":[{"href":"https:\/\/importadoraquiang.com\/index.php\/wp-json\/wp\/v2\/types\/product"}],"replies":[{"embeddable":true,"href":"https:\/\/importadoraquiang.com\/index.php\/wp-json\/wp\/v2\/comments?post=230"}],"wp:featuredmedia":[{"embeddable":true,"href":"https:\/\/importadoraquiang.com\/index.php\/wp-json\/wp\/v2\/media\/586"}],"wp:attachment":[{"href":"https:\/\/importadoraquiang.com\/index.php\/wp-json\/wp\/v2\/media?parent=230"}],"wp:term":[{"taxonomy":"product_brand","embeddable":true,"href":"https:\/\/importadoraquiang.com\/index.php\/wp-json\/wp\/v2\/product_brand?post=230"},{"taxonomy":"product_cat","embeddable":true,"href":"https:\/\/importadoraquiang.com\/index.php\/wp-json\/wp\/v2\/product_cat?post=230"},{"taxonomy":"product_tag","embeddable":true,"href":"https:\/\/importadoraquiang.com\/index.php\/wp-json\/wp\/v2\/product_tag?post=230"}],"curies":[{"name":"wp","href":"https:\/\/api.w.org\/{rel}","templated":true}]}}