{"id":452,"date":"2025-02-17T22:23:51","date_gmt":"2025-02-18T03:23:51","guid":{"rendered":"https:\/\/importadoraquiang.com\/?post_type=product&#038;p=452"},"modified":"2025-09-25T13:27:12","modified_gmt":"2025-09-25T18:27:12","slug":"cargador-de-bateria-60v-58ah-para-tricar-electrico-de-plomo-acido","status":"publish","type":"product","link":"https:\/\/importadoraquiang.com\/index.php\/producto\/cargador-de-bateria-60v-58ah-para-tricar-electrico-de-plomo-acido\/","title":{"rendered":"Cargador de Bater\u00eda 60V 58Ah para Tricar El\u00e9ctrico de Plomo \u00c1cido"},"content":{"rendered":"<p>Optimiza el rendimiento de tu <strong data-start=\"202\" data-end=\"222\">tricar el\u00e9ctrico<\/strong> con este cargador <strong data-start=\"241\" data-end=\"252\">60V58Ah<\/strong>, dise\u00f1ado espec\u00edficamente para <strong data-start=\"284\" data-end=\"311\">bater\u00edas de \u00e1cido plomo<\/strong>. Ofrece una <strong data-start=\"324\" data-end=\"352\">carga eficiente y segura<\/strong>, protegiendo contra sobrecargas y sobrecalentamiento. Ideal para tricars de carga y transporte, asegurando mayor autonom\u00eda y durabilidad de la bater\u00eda.<\/p>\n<p>Dale a comprar y rec\u00edbelo directamente en tu domicilio o lugar de preferencia. \ud83d\udef5\ud83d\udca1<\/p>\n","protected":false},"excerpt":{"rendered":"<p>Optimiza el rendimiento de tu tricar el\u00e9ctrico con este cargador 60V58Ah, dise\u00f1ado espec\u00edficamente para bater\u00edas de \u00e1cido plomo. Ofrece una [&hellip;]<\/p>\n","protected":false},"featured_media":587,"comment_status":"open","ping_status":"closed","template":"","meta":{"site-sidebar-layout":"default","site-content-layout":"","ast-site-content-layout":"default","site-content-style":"default","site-sidebar-style":"default","ast-global-header-display":"","ast-banner-title-visibility":"","ast-main-header-display":"","ast-hfb-above-header-display":"","ast-hfb-below-header-display":"","ast-hfb-mobile-header-display":"","site-post-title":"","ast-breadcrumbs-content":"","ast-featured-img":"","footer-sml-layout":"","theme-transparent-header-meta":"default","adv-header-id-meta":"","stick-header-meta":"","header-above-stick-meta":"","header-main-stick-meta":"","header-below-stick-meta":"","astra-migrate-meta-layouts":"set","ast-page-background-enabled":"default","ast-page-background-meta":{"desktop":{"background-color":"var(--ast-global-color-4)","background-image":"","background-repeat":"repeat","background-position":"center center","background-size":"auto","background-attachment":"scroll","background-type":"","background-media":"","overlay-type":"","overlay-color":"","overlay-opacity":"","overlay-gradient":""},"tablet":{"background-color":"","background-image":"","background-repeat":"repeat","background-position":"center center","background-size":"auto","background-attachment":"scroll","background-type":"","background-media":"","overlay-type":"","overlay-color":"","overlay-opacity":"","overlay-gradient":""},"mobile":{"background-color":"","background-image":"","background-repeat":"repeat","background-position":"center center","background-size":"auto","background-attachment":"scroll","background-type":"","background-media":"","overlay-type":"","overlay-color":"","overlay-opacity":"","overlay-gradient":""}},"ast-content-background-meta":{"desktop":{"background-color":"var(--ast-global-color-5)","background-image":"","background-repeat":"repeat","background-position":"center center","background-size":"auto","background-attachment":"scroll","background-type":"","background-media":"","overlay-type":"","overlay-color":"","overlay-opacity":"","overlay-gradient":""},"tablet":{"background-color":"var(--ast-global-color-5)","background-image":"","background-repeat":"repeat","background-position":"center center","background-size":"auto","background-attachment":"scroll","background-type":"","background-media":"","overlay-type":"","overlay-color":"","overlay-opacity":"","overlay-gradient":""},"mobile":{"background-color":"var(--ast-global-color-5)","background-image":"","background-repeat":"repeat","background-position":"center center","background-size":"auto","background-attachment":"scroll","background-type":"","background-media":"","overlay-type":"","overlay-color":"","overlay-opacity":"","overlay-gradient":""}}},"product_brand":[],"product_cat":[39],"product_tag":[],"class_list":{"0":"post-452","1":"product","2":"type-product","3":"status-publish","4":"has-post-thumbnail","6":"product_cat-cargadores","7":"desktop-align-left","8":"tablet-align-left","9":"mobile-align-left","11":"first","12":"instock","13":"shipping-taxable","14":"purchasable","15":"product-type-simple"},"jetpack_sharing_enabled":true,"_links":{"self":[{"href":"https:\/\/importadoraquiang.com\/index.php\/wp-json\/wp\/v2\/product\/452","targetHints":{"allow":["GET"]}}],"collection":[{"href":"https:\/\/importadoraquiang.com\/index.php\/wp-json\/wp\/v2\/product"}],"about":[{"href":"https:\/\/importadoraquiang.com\/index.php\/wp-json\/wp\/v2\/types\/product"}],"replies":[{"embeddable":true,"href":"https:\/\/importadoraquiang.com\/index.php\/wp-json\/wp\/v2\/comments?post=452"}],"wp:featuredmedia":[{"embeddable":true,"href":"https:\/\/importadoraquiang.com\/index.php\/wp-json\/wp\/v2\/media\/587"}],"wp:attachment":[{"href":"https:\/\/importadoraquiang.com\/index.php\/wp-json\/wp\/v2\/media?parent=452"}],"wp:term":[{"taxonomy":"product_brand","embeddable":true,"href":"https:\/\/importadoraquiang.com\/index.php\/wp-json\/wp\/v2\/product_brand?post=452"},{"taxonomy":"product_cat","embeddable":true,"href":"https:\/\/importadoraquiang.com\/index.php\/wp-json\/wp\/v2\/product_cat?post=452"},{"taxonomy":"product_tag","embeddable":true,"href":"https:\/\/importadoraquiang.com\/index.php\/wp-json\/wp\/v2\/product_tag?post=452"}],"curies":[{"name":"wp","href":"https:\/\/api.w.org\/{rel}","templated":true}]}}