{"id":454,"date":"2025-02-17T22:43:30","date_gmt":"2025-02-18T03:43:30","guid":{"rendered":"https:\/\/importadoraquiang.com\/?post_type=product&#038;p=454"},"modified":"2025-09-25T13:27:12","modified_gmt":"2025-09-25T18:27:12","slug":"cargador-de-bateria-72v-30ah-para-motos-electricas-de-plomo-acido","status":"publish","type":"product","link":"https:\/\/importadoraquiang.com\/index.php\/producto\/cargador-de-bateria-72v-30ah-para-motos-electricas-de-plomo-acido\/","title":{"rendered":"Cargador de Bater\u00eda 72V 30Ah para Motos El\u00e9ctricas de Plomo \u00c1cido"},"content":{"rendered":"<p>Carga tu <strong data-start=\"83\" data-end=\"101\">moto el\u00e9ctrica<\/strong> de forma r\u00e1pida y segura con este <strong data-start=\"136\" data-end=\"156\">cargador 72V30Ah<\/strong>, dise\u00f1ado para <strong data-start=\"172\" data-end=\"199\">bater\u00edas de \u00e1cido plomo<\/strong>. Protege contra sobrecargas y sobrecalentamiento, asegurando mayor vida \u00fatil y rendimiento \u00f3ptimo de tu bater\u00eda. \ud83d\ude80\u26a1<\/p>\n<p>Dale a comprar y rec\u00edbelo directamente en tu domicilio o lugar de preferencia. \ud83d\udef5\ud83d\udca1<\/p>\n","protected":false},"excerpt":{"rendered":"<p>Carga tu moto el\u00e9ctrica de forma r\u00e1pida y segura con este cargador 72V30Ah, dise\u00f1ado para bater\u00edas de \u00e1cido plomo. Protege [&hellip;]<\/p>\n","protected":false},"featured_media":589,"comment_status":"open","ping_status":"closed","template":"","meta":{"site-sidebar-layout":"default","site-content-layout":"","ast-site-content-layout":"default","site-content-style":"default","site-sidebar-style":"default","ast-global-header-display":"","ast-banner-title-visibility":"","ast-main-header-display":"","ast-hfb-above-header-display":"","ast-hfb-below-header-display":"","ast-hfb-mobile-header-display":"","site-post-title":"","ast-breadcrumbs-content":"","ast-featured-img":"","footer-sml-layout":"","theme-transparent-header-meta":"default","adv-header-id-meta":"","stick-header-meta":"","header-above-stick-meta":"","header-main-stick-meta":"","header-below-stick-meta":"","astra-migrate-meta-layouts":"set","ast-page-background-enabled":"default","ast-page-background-meta":{"desktop":{"background-color":"var(--ast-global-color-4)","background-image":"","background-repeat":"repeat","background-position":"center center","background-size":"auto","background-attachment":"scroll","background-type":"","background-media":"","overlay-type":"","overlay-color":"","overlay-opacity":"","overlay-gradient":""},"tablet":{"background-color":"","background-image":"","background-repeat":"repeat","background-position":"center center","background-size":"auto","background-attachment":"scroll","background-type":"","background-media":"","overlay-type":"","overlay-color":"","overlay-opacity":"","overlay-gradient":""},"mobile":{"background-color":"","background-image":"","background-repeat":"repeat","background-position":"center center","background-size":"auto","background-attachment":"scroll","background-type":"","background-media":"","overlay-type":"","overlay-color":"","overlay-opacity":"","overlay-gradient":""}},"ast-content-background-meta":{"desktop":{"background-color":"var(--ast-global-color-5)","background-image":"","background-repeat":"repeat","background-position":"center center","background-size":"auto","background-attachment":"scroll","background-type":"","background-media":"","overlay-type":"","overlay-color":"","overlay-opacity":"","overlay-gradient":""},"tablet":{"background-color":"var(--ast-global-color-5)","background-image":"","background-repeat":"repeat","background-position":"center center","background-size":"auto","background-attachment":"scroll","background-type":"","background-media":"","overlay-type":"","overlay-color":"","overlay-opacity":"","overlay-gradient":""},"mobile":{"background-color":"var(--ast-global-color-5)","background-image":"","background-repeat":"repeat","background-position":"center center","background-size":"auto","background-attachment":"scroll","background-type":"","background-media":"","overlay-type":"","overlay-color":"","overlay-opacity":"","overlay-gradient":""}}},"product_brand":[],"product_cat":[39],"product_tag":[],"class_list":{"0":"post-454","1":"product","2":"type-product","3":"status-publish","4":"has-post-thumbnail","6":"product_cat-cargadores","7":"desktop-align-left","8":"tablet-align-left","9":"mobile-align-left","11":"first","12":"instock","13":"shipping-taxable","14":"purchasable","15":"product-type-simple"},"jetpack_sharing_enabled":true,"_links":{"self":[{"href":"https:\/\/importadoraquiang.com\/index.php\/wp-json\/wp\/v2\/product\/454","targetHints":{"allow":["GET"]}}],"collection":[{"href":"https:\/\/importadoraquiang.com\/index.php\/wp-json\/wp\/v2\/product"}],"about":[{"href":"https:\/\/importadoraquiang.com\/index.php\/wp-json\/wp\/v2\/types\/product"}],"replies":[{"embeddable":true,"href":"https:\/\/importadoraquiang.com\/index.php\/wp-json\/wp\/v2\/comments?post=454"}],"wp:featuredmedia":[{"embeddable":true,"href":"https:\/\/importadoraquiang.com\/index.php\/wp-json\/wp\/v2\/media\/589"}],"wp:attachment":[{"href":"https:\/\/importadoraquiang.com\/index.php\/wp-json\/wp\/v2\/media?parent=454"}],"wp:term":[{"taxonomy":"product_brand","embeddable":true,"href":"https:\/\/importadoraquiang.com\/index.php\/wp-json\/wp\/v2\/product_brand?post=454"},{"taxonomy":"product_cat","embeddable":true,"href":"https:\/\/importadoraquiang.com\/index.php\/wp-json\/wp\/v2\/product_cat?post=454"},{"taxonomy":"product_tag","embeddable":true,"href":"https:\/\/importadoraquiang.com\/index.php\/wp-json\/wp\/v2\/product_tag?post=454"}],"curies":[{"name":"wp","href":"https:\/\/api.w.org\/{rel}","templated":true}]}}