{"id":505,"date":"2025-08-25T23:56:23","date_gmt":"2025-08-26T04:56:23","guid":{"rendered":"https:\/\/importadoraquiang.com\/?post_type=product&#038;p=505"},"modified":"2026-03-30T17:55:34","modified_gmt":"2026-03-30T22:55:34","slug":"baterias-para-motos-electricas-12v20ah-xupai","status":"publish","type":"product","link":"https:\/\/importadoraquiang.com\/index.php\/producto\/baterias-para-motos-electricas-12v20ah-xupai\/","title":{"rendered":"Bater\u00eda para moto el\u00e9ctrica 12V20Ah XUPAI (Unidad)"},"content":{"rendered":"<p><b>Bater\u00eda Individual de Alto Rendimiento para tu Moto El\u00e9ctrica<\/b><\/p>\n<p>Si buscas una bater\u00eda para proyectos personales o para reemplazar una unidad da\u00f1ada, esta es una excelente opci\u00f3n. La <b>bater\u00eda Xupai 12V20Ah<\/b> te garantiza una larga duraci\u00f3n y un desempe\u00f1o superior en cualquier tipo de recorrido, ya sea en la ciudad o en carretera.<\/p>\n<p><b>Recomendaci\u00f3n Experta y Pol\u00edtica de Garant\u00eda:<\/b> Para asegurar el mejor rendimiento y la m\u00e1xima vida \u00fatil de tu moto, <b>siempre recomendamos cambiar el pack completo de bater\u00edas<\/b>. Usar una bater\u00eda nueva con otras viejas puede deteriorar su desempe\u00f1o r\u00e1pidamente y afecta el balance de todo el kit. Por esta raz\u00f3n, la venta de bater\u00edas individuales <b>no incluye garant\u00eda<\/b>.<\/p>\n<p><b>\u00a1Encuentra el Pack Completo y Obt\u00e9n tu Garant\u00eda!<\/b> Te invitamos a ver los packs de 4, 5 y 6 bater\u00edas que tenemos disponibles en nuestra tienda en l\u00ednea. Al comprar un pack completo, obtienes el respaldo de <b>1 a\u00f1o de garant\u00eda<\/b> y aseguras el rendimiento \u00f3ptimo de tu moto.<\/p>\n<p><b>Caracter\u00edsticas T\u00e9cnicas:<\/b><\/p>\n<ul>\n<li><b>Tipo:<\/b> Bater\u00eda de ciclo profundo<\/li>\n<li><b>Voltaje:<\/b> 12V<\/li>\n<li><b>Amperaje:<\/b> 20Ah<\/li>\n<li><b>Vida \u00fatil:<\/b> Hasta 600 ciclos de carga, dependiendo del uso y cuidado.<\/li>\n<li><b>Tecnolog\u00eda:<\/b> \u00c1cido-plomo sellado (AGM)<\/li>\n<\/ul>\n<p><b>Asesor\u00eda Experta:<\/b> Si a\u00fan tienes dudas, haz clic en <b>\u00abComprar por WhatsApp\u00bb<\/b>. Un experto te guiar\u00e1 para verificar el modelo exacto y asegurarse de que compres lo que realmente necesitas.<\/p>\n","protected":false},"excerpt":{"rendered":"<p>La bater\u00eda que te da la confianza que necesitas para tus recorridos diarios. \ud83d\udef5 La <b>Bater\u00eda Xupai 12V20Ah<\/b> te ofrece mayor autonom\u00eda y un rendimiento duradero. <b>Ideal para proyectos o reemplazos de emergencia.<\/b><\/p>\n","protected":false},"featured_media":581,"comment_status":"open","ping_status":"closed","template":"","meta":{"site-sidebar-layout":"default","site-content-layout":"","ast-site-content-layout":"default","site-content-style":"default","site-sidebar-style":"default","ast-global-header-display":"","ast-banner-title-visibility":"","ast-main-header-display":"","ast-hfb-above-header-display":"","ast-hfb-below-header-display":"","ast-hfb-mobile-header-display":"","site-post-title":"","ast-breadcrumbs-content":"","ast-featured-img":"","footer-sml-layout":"","theme-transparent-header-meta":"default","adv-header-id-meta":"","stick-header-meta":"","header-above-stick-meta":"","header-main-stick-meta":"","header-below-stick-meta":"","astra-migrate-meta-layouts":"set","ast-page-background-enabled":"default","ast-page-background-meta":{"desktop":{"background-color":"var(--ast-global-color-4)","background-image":"","background-repeat":"repeat","background-position":"center center","background-size":"auto","background-attachment":"scroll","background-type":"","background-media":"","overlay-type":"","overlay-color":"","overlay-opacity":"","overlay-gradient":""},"tablet":{"background-color":"","background-image":"","background-repeat":"repeat","background-position":"center center","background-size":"auto","background-attachment":"scroll","background-type":"","background-media":"","overlay-type":"","overlay-color":"","overlay-opacity":"","overlay-gradient":""},"mobile":{"background-color":"","background-image":"","background-repeat":"repeat","background-position":"center center","background-size":"auto","background-attachment":"scroll","background-type":"","background-media":"","overlay-type":"","overlay-color":"","overlay-opacity":"","overlay-gradient":""}},"ast-content-background-meta":{"desktop":{"background-color":"var(--ast-global-color-5)","background-image":"","background-repeat":"repeat","background-position":"center center","background-size":"auto","background-attachment":"scroll","background-type":"","background-media":"","overlay-type":"","overlay-color":"","overlay-opacity":"","overlay-gradient":""},"tablet":{"background-color":"var(--ast-global-color-5)","background-image":"","background-repeat":"repeat","background-position":"center center","background-size":"auto","background-attachment":"scroll","background-type":"","background-media":"","overlay-type":"","overlay-color":"","overlay-opacity":"","overlay-gradient":""},"mobile":{"background-color":"var(--ast-global-color-5)","background-image":"","background-repeat":"repeat","background-position":"center center","background-size":"auto","background-attachment":"scroll","background-type":"","background-media":"","overlay-type":"","overlay-color":"","overlay-opacity":"","overlay-gradient":""}}},"product_brand":[],"product_cat":[22],"product_tag":[],"class_list":{"0":"post-505","1":"product","2":"type-product","3":"status-publish","4":"has-post-thumbnail","6":"product_cat-baterias","7":"desktop-align-left","8":"tablet-align-left","9":"mobile-align-left","11":"first","12":"outofstock","13":"featured","14":"shipping-taxable","15":"purchasable","16":"product-type-simple"},"jetpack_sharing_enabled":true,"_links":{"self":[{"href":"https:\/\/importadoraquiang.com\/index.php\/wp-json\/wp\/v2\/product\/505","targetHints":{"allow":["GET"]}}],"collection":[{"href":"https:\/\/importadoraquiang.com\/index.php\/wp-json\/wp\/v2\/product"}],"about":[{"href":"https:\/\/importadoraquiang.com\/index.php\/wp-json\/wp\/v2\/types\/product"}],"replies":[{"embeddable":true,"href":"https:\/\/importadoraquiang.com\/index.php\/wp-json\/wp\/v2\/comments?post=505"}],"wp:featuredmedia":[{"embeddable":true,"href":"https:\/\/importadoraquiang.com\/index.php\/wp-json\/wp\/v2\/media\/581"}],"wp:attachment":[{"href":"https:\/\/importadoraquiang.com\/index.php\/wp-json\/wp\/v2\/media?parent=505"}],"wp:term":[{"taxonomy":"product_brand","embeddable":true,"href":"https:\/\/importadoraquiang.com\/index.php\/wp-json\/wp\/v2\/product_brand?post=505"},{"taxonomy":"product_cat","embeddable":true,"href":"https:\/\/importadoraquiang.com\/index.php\/wp-json\/wp\/v2\/product_cat?post=505"},{"taxonomy":"product_tag","embeddable":true,"href":"https:\/\/importadoraquiang.com\/index.php\/wp-json\/wp\/v2\/product_tag?post=505"}],"curies":[{"name":"wp","href":"https:\/\/api.w.org\/{rel}","templated":true}]}}